{"id":5159,"date":"2022-12-22T10:36:36","date_gmt":"2022-12-22T09:36:36","guid":{"rendered":"https:\/\/preprod.masalto.be\/produit\/bamboe-dienblad\/"},"modified":"2025-07-16T10:22:41","modified_gmt":"2025-07-16T08:22:41","slug":"bamboe-plateau-voor-1-persoon","status":"publish","type":"product","link":"https:\/\/preprod.masalto.be\/nl\/produit\/bamboe-plateau-voor-1-persoon\/","title":{"rendered":"Bamboe Serveerplateau"},"content":{"rendered":"<p>Uw M\u00e1salto koffie is nog nooit zo goed gepresenteerd dankzij dit bamboe plateau dat is ontworpen voor het serveren van \u00e9\u00e9n kopje. Hij is compatibel met de espresso-, lungo- en cappuccinokopjes en zorgt voor een sobere en elegante stijl.<\/p>\n","protected":false},"excerpt":{"rendered":"<p>Geschikt voor een M\u00e1salto kop.<\/p>\n","protected":false},"featured_media":19430,"comment_status":"open","ping_status":"closed","template":"","meta":{"inline_featured_image":false},"product_brand":[],"product_cat":[18],"product_tag":[],"class_list":{"0":"post-5159","1":"product","2":"type-product","3":"status-publish","4":"has-post-thumbnail","6":"product_cat-non-classe","8":"first","9":"instock","10":"taxable","11":"shipping-taxable","12":"purchasable","13":"product-type-simple"},"_links":{"self":[{"href":"https:\/\/preprod.masalto.be\/nl\/wp-json\/wp\/v2\/product\/5159","targetHints":{"allow":["GET"]}}],"collection":[{"href":"https:\/\/preprod.masalto.be\/nl\/wp-json\/wp\/v2\/product"}],"about":[{"href":"https:\/\/preprod.masalto.be\/nl\/wp-json\/wp\/v2\/types\/product"}],"replies":[{"embeddable":true,"href":"https:\/\/preprod.masalto.be\/nl\/wp-json\/wp\/v2\/comments?post=5159"}],"wp:featuredmedia":[{"embeddable":true,"href":"https:\/\/preprod.masalto.be\/nl\/wp-json\/wp\/v2\/media\/19430"}],"wp:attachment":[{"href":"https:\/\/preprod.masalto.be\/nl\/wp-json\/wp\/v2\/media?parent=5159"}],"wp:term":[{"taxonomy":"product_brand","embeddable":true,"href":"https:\/\/preprod.masalto.be\/nl\/wp-json\/wp\/v2\/product_brand?post=5159"},{"taxonomy":"product_cat","embeddable":true,"href":"https:\/\/preprod.masalto.be\/nl\/wp-json\/wp\/v2\/product_cat?post=5159"},{"taxonomy":"product_tag","embeddable":true,"href":"https:\/\/preprod.masalto.be\/nl\/wp-json\/wp\/v2\/product_tag?post=5159"}],"curies":[{"name":"wp","href":"https:\/\/api.w.org\/{rel}","templated":true}]}}