{"id":5148,"date":"2023-01-25T09:29:00","date_gmt":"2023-01-25T08:29:00","guid":{"rendered":"https:\/\/preprod.masalto.be\/produit\/bamboe-serveerblok\/"},"modified":"2025-07-16T10:24:27","modified_gmt":"2025-07-16T08:24:27","slug":"bamboe-serveerblok-1p","status":"publish","type":"product","link":"https:\/\/preprod.masalto.be\/nl\/produit\/bamboe-serveerblok-1p\/","title":{"rendered":"Bamboe Serveerblok"},"content":{"rendered":"<p>Uw M\u00e1salto koffie is nog nooit zo goed gepresenteerd dankzij dit bamboe serveerblok dat is ontworpen voor het serveren van \u00e9\u00e9n kopje. Hij is compatibel met de espresso-, lungo- en cappuccinokopjes en zorgt voor een sobere en elegante stijl.<\/p>\n","protected":false},"excerpt":{"rendered":"<p>Geschikt voor 1 M\u00e1salto kopje.<\/p>\n","protected":false},"featured_media":19440,"comment_status":"open","ping_status":"closed","template":"","meta":{"inline_featured_image":false},"product_brand":[],"product_cat":[18],"product_tag":[],"class_list":{"0":"post-5148","1":"product","2":"type-product","3":"status-publish","4":"has-post-thumbnail","6":"product_cat-non-classe","8":"first","9":"instock","10":"taxable","11":"shipping-taxable","12":"purchasable","13":"product-type-simple"},"_links":{"self":[{"href":"https:\/\/preprod.masalto.be\/nl\/wp-json\/wp\/v2\/product\/5148","targetHints":{"allow":["GET"]}}],"collection":[{"href":"https:\/\/preprod.masalto.be\/nl\/wp-json\/wp\/v2\/product"}],"about":[{"href":"https:\/\/preprod.masalto.be\/nl\/wp-json\/wp\/v2\/types\/product"}],"replies":[{"embeddable":true,"href":"https:\/\/preprod.masalto.be\/nl\/wp-json\/wp\/v2\/comments?post=5148"}],"wp:featuredmedia":[{"embeddable":true,"href":"https:\/\/preprod.masalto.be\/nl\/wp-json\/wp\/v2\/media\/19440"}],"wp:attachment":[{"href":"https:\/\/preprod.masalto.be\/nl\/wp-json\/wp\/v2\/media?parent=5148"}],"wp:term":[{"taxonomy":"product_brand","embeddable":true,"href":"https:\/\/preprod.masalto.be\/nl\/wp-json\/wp\/v2\/product_brand?post=5148"},{"taxonomy":"product_cat","embeddable":true,"href":"https:\/\/preprod.masalto.be\/nl\/wp-json\/wp\/v2\/product_cat?post=5148"},{"taxonomy":"product_tag","embeddable":true,"href":"https:\/\/preprod.masalto.be\/nl\/wp-json\/wp\/v2\/product_tag?post=5148"}],"curies":[{"name":"wp","href":"https:\/\/api.w.org\/{rel}","templated":true}]}}